{"id":1015,"date":"2020-07-11T13:11:03","date_gmt":"2020-07-11T11:11:03","guid":{"rendered":"https:\/\/edicionsponcianes.cat\/credits\/"},"modified":"2023-03-01T11:46:38","modified_gmt":"2023-03-01T09:46:38","slug":"creditos","status":"publish","type":"page","link":"https:\/\/edicionsponcianes.cat\/es\/creditos\/","title":{"rendered":"Cr\u00e9ditos"},"content":{"rendered":"\r\n<p>Esta web es un proyecto del equipo de Edicions Poncianes:<\/p>\r\n<p>\r\n\r\n<\/p>\r\n<ul class=\"wp-block-list\">\r\n<li>Jordi Carulla-Ruiz, director editorial<\/li>\r\n<li>Alba Vinyes Lasso, responsable de edici\u00f3n<\/li>\r\n<li>Jordi Quer Sardanyons, responsable de estrategia editorial<\/li>\r\n<\/ul>\r\n<p>\r\n\r\n<\/p>\r\n<p>El dise\u00f1o de la web es de <a href=\"http:\/\/iurisdoc.com\/\" target=\"_blank\" rel=\"noreferrer noopener\">Iuris.doc<\/a>.<br \/>Los v\u00eddeos de portada son de Gabriele Sisti.<\/p>\r\n<p>\r\n\r\n\r\n\r\n<\/p>\r\n<p><strong><br \/>Agradecimientos:<br \/><\/strong>A los colaboradores y colaboradoras: Alba Vinyes Lasso, Jordi Quer, \u00c8ric Coll y Joel Vaccaro.<\/p>\r\n<p>\r\n\r\n\r\n\r\n\r\n\r\n<\/p>\r\n<p>A los poetas M\u00e0rius Sampere, Carles Duarte, Jordi Carri\u00f3, Mireia Carulla Mur, Ester Xargay, Llu\u00eds Calvo, Catalina Girona, Andry Batonchik, Pau Vadell, Enric Casasses, Blancallum Vidal, Carles Hac-Mor, Vicen\u00e7 Altai\u00f3, Joaquim Sala-Sanahuja, N\u00faria Mart\u00ednez-Vernis, Guim Valls, Mart\u00ed Sales, Francesc Gelonch, David Ca\u00f1o, Arnau Pons, Meritxell Gen\u00e9, Valent\u00ed G\u00f3mez, Perejaume, Francesc Parcerisas, Laia Noguera, Xavier Ferrer, Llu\u00eds Roda, Jaume C. Pons Alorda, Odile Arqu\u00e9, Meritxell Cucurella-Jorba, Mieria Calafell, Josep Pedrals, Esteve Plantada, Joan Duran, Nu Miret, Adri\u00e0 Targa, Gerard Cisneros, Edgar Alemany, Maria Call\u00eds, Diana Roig, M\u00edriam Cano, Sam Abrams, Mireia Vidal-Conte, Gabriel Ventura, Ivette Nadal y Juana Dolores.<\/p>\r\n<p>A los traductores Xavi Valls Guinovart, Gerard Cisneros, Alexia Sinoble, Jeroni Rubi\u00f3, Amat Bar\u00f3, Enric Casasses y Guillem Usandizaga.<\/p>\r\n<p>A todos los que hab\u00e9is colaborado a hacer este sue\u00f1o posible, con el m\u00e1s profundo agradecimiento.<\/p>\r\n","protected":false},"excerpt":{"rendered":"<p>Esta web es un proyecto del equipo de Edicions Poncianes: Jordi Carulla-Ruiz, director editorial Alba Vinyes Lasso, responsable de edici\u00f3n Jordi Quer Sardanyons, responsable de estrategia editorial El dise\u00f1o de la web es de Iuris.doc.Los v\u00eddeos de portada son de Gabriele Sisti. Agradecimientos:A los colaboradores y colaboradoras: Alba Vinyes Lasso, Jordi Quer, \u00c8ric Coll y [&hellip;]<\/p>\n","protected":false},"author":1,"featured_media":0,"parent":0,"menu_order":0,"comment_status":"closed","ping_status":"closed","template":"tpl_legal.php","meta":{"_acf_changed":false,"footnotes":""},"class_list":["post-1015","page","type-page","status-publish","hentry"],"acf":[],"yoast_head":"<!-- This site is optimized with the Yoast SEO plugin v27.5 - https:\/\/yoast.com\/product\/yoast-seo-wordpress\/ -->\n<title>Cr\u00e9ditos - Edicions Poncianes<\/title>\n<meta name=\"description\" content=\"Qui\u00e9n hace y ha hecho posible Edicions Poncianes a lo largo de los m\u00e1s de diez a\u00f1os de existencia.\" \/>\n<meta name=\"robots\" content=\"index, follow, max-snippet:-1, max-image-preview:large, max-video-preview:-1\" \/>\n<link rel=\"canonical\" href=\"https:\/\/edicionsponcianes.cat\/es\/creditos\/\" \/>\n<meta property=\"og:locale\" content=\"es_ES\" \/>\n<meta property=\"og:type\" content=\"article\" \/>\n<meta property=\"og:title\" content=\"Cr\u00e9ditos - Edicions Poncianes\" \/>\n<meta property=\"og:description\" content=\"Qui\u00e9n hace y ha hecho posible Edicions Poncianes a lo largo de los m\u00e1s de diez a\u00f1os de existencia.\" \/>\n<meta property=\"og:url\" content=\"https:\/\/edicionsponcianes.cat\/es\/creditos\/\" \/>\n<meta property=\"og:site_name\" content=\"Edicions Poncianes\" \/>\n<meta property=\"article:modified_time\" content=\"2023-03-01T09:46:38+00:00\" \/>\n<meta name=\"twitter:card\" content=\"summary_large_image\" \/>\n<meta name=\"twitter:label1\" content=\"Est. reading time\" \/>\n\t<meta name=\"twitter:data1\" content=\"2 minutes\" \/>\n<script type=\"application\/ld+json\" class=\"yoast-schema-graph\">{\"@context\":\"https:\\\/\\\/schema.org\",\"@graph\":[{\"@type\":\"WebPage\",\"@id\":\"https:\\\/\\\/edicionsponcianes.cat\\\/es\\\/creditos\\\/\",\"url\":\"https:\\\/\\\/edicionsponcianes.cat\\\/es\\\/creditos\\\/\",\"name\":\"Cr\u00e9ditos - Edicions Poncianes\",\"isPartOf\":{\"@id\":\"https:\\\/\\\/edicionsponcianes.cat\\\/es\\\/#website\"},\"datePublished\":\"2020-07-11T11:11:03+00:00\",\"dateModified\":\"2023-03-01T09:46:38+00:00\",\"description\":\"Qui\u00e9n hace y ha hecho posible Edicions Poncianes a lo largo de los m\u00e1s de diez a\u00f1os de existencia.\",\"breadcrumb\":{\"@id\":\"https:\\\/\\\/edicionsponcianes.cat\\\/es\\\/creditos\\\/#breadcrumb\"},\"inLanguage\":\"es-ES\",\"potentialAction\":[{\"@type\":\"ReadAction\",\"target\":[\"https:\\\/\\\/edicionsponcianes.cat\\\/es\\\/creditos\\\/\"]}]},{\"@type\":\"BreadcrumbList\",\"@id\":\"https:\\\/\\\/edicionsponcianes.cat\\\/es\\\/creditos\\\/#breadcrumb\",\"itemListElement\":[{\"@type\":\"ListItem\",\"position\":1,\"name\":\"Inici\",\"item\":\"https:\\\/\\\/edicionsponcianes.cat\\\/es\\\/\"},{\"@type\":\"ListItem\",\"position\":2,\"name\":\"Cr\u00e9ditos\"}]},{\"@type\":\"WebSite\",\"@id\":\"https:\\\/\\\/edicionsponcianes.cat\\\/es\\\/#website\",\"url\":\"https:\\\/\\\/edicionsponcianes.cat\\\/es\\\/\",\"name\":\"Edicions Poncianes\",\"description\":\"Un altre lloc gestionat amb el WordPress\",\"potentialAction\":[{\"@type\":\"SearchAction\",\"target\":{\"@type\":\"EntryPoint\",\"urlTemplate\":\"https:\\\/\\\/edicionsponcianes.cat\\\/es\\\/?s={search_term_string}\"},\"query-input\":{\"@type\":\"PropertyValueSpecification\",\"valueRequired\":true,\"valueName\":\"search_term_string\"}}],\"inLanguage\":\"es-ES\"}]}<\/script>\n<!-- \/ Yoast SEO plugin. -->","yoast_head_json":{"title":"Cr\u00e9ditos - Edicions Poncianes","description":"Qui\u00e9n hace y ha hecho posible Edicions Poncianes a lo largo de los m\u00e1s de diez a\u00f1os de existencia.","robots":{"index":"index","follow":"follow","max-snippet":"max-snippet:-1","max-image-preview":"max-image-preview:large","max-video-preview":"max-video-preview:-1"},"canonical":"https:\/\/edicionsponcianes.cat\/es\/creditos\/","og_locale":"es_ES","og_type":"article","og_title":"Cr\u00e9ditos - Edicions Poncianes","og_description":"Qui\u00e9n hace y ha hecho posible Edicions Poncianes a lo largo de los m\u00e1s de diez a\u00f1os de existencia.","og_url":"https:\/\/edicionsponcianes.cat\/es\/creditos\/","og_site_name":"Edicions Poncianes","article_modified_time":"2023-03-01T09:46:38+00:00","twitter_card":"summary_large_image","twitter_misc":{"Est. reading time":"2 minutes"},"schema":{"@context":"https:\/\/schema.org","@graph":[{"@type":"WebPage","@id":"https:\/\/edicionsponcianes.cat\/es\/creditos\/","url":"https:\/\/edicionsponcianes.cat\/es\/creditos\/","name":"Cr\u00e9ditos - Edicions Poncianes","isPartOf":{"@id":"https:\/\/edicionsponcianes.cat\/es\/#website"},"datePublished":"2020-07-11T11:11:03+00:00","dateModified":"2023-03-01T09:46:38+00:00","description":"Qui\u00e9n hace y ha hecho posible Edicions Poncianes a lo largo de los m\u00e1s de diez a\u00f1os de existencia.","breadcrumb":{"@id":"https:\/\/edicionsponcianes.cat\/es\/creditos\/#breadcrumb"},"inLanguage":"es-ES","potentialAction":[{"@type":"ReadAction","target":["https:\/\/edicionsponcianes.cat\/es\/creditos\/"]}]},{"@type":"BreadcrumbList","@id":"https:\/\/edicionsponcianes.cat\/es\/creditos\/#breadcrumb","itemListElement":[{"@type":"ListItem","position":1,"name":"Inici","item":"https:\/\/edicionsponcianes.cat\/es\/"},{"@type":"ListItem","position":2,"name":"Cr\u00e9ditos"}]},{"@type":"WebSite","@id":"https:\/\/edicionsponcianes.cat\/es\/#website","url":"https:\/\/edicionsponcianes.cat\/es\/","name":"Edicions Poncianes","description":"Un altre lloc gestionat amb el WordPress","potentialAction":[{"@type":"SearchAction","target":{"@type":"EntryPoint","urlTemplate":"https:\/\/edicionsponcianes.cat\/es\/?s={search_term_string}"},"query-input":{"@type":"PropertyValueSpecification","valueRequired":true,"valueName":"search_term_string"}}],"inLanguage":"es-ES"}]}},"_links":{"self":[{"href":"https:\/\/edicionsponcianes.cat\/es\/wp-json\/wp\/v2\/pages\/1015","targetHints":{"allow":["GET"]}}],"collection":[{"href":"https:\/\/edicionsponcianes.cat\/es\/wp-json\/wp\/v2\/pages"}],"about":[{"href":"https:\/\/edicionsponcianes.cat\/es\/wp-json\/wp\/v2\/types\/page"}],"author":[{"embeddable":true,"href":"https:\/\/edicionsponcianes.cat\/es\/wp-json\/wp\/v2\/users\/1"}],"replies":[{"embeddable":true,"href":"https:\/\/edicionsponcianes.cat\/es\/wp-json\/wp\/v2\/comments?post=1015"}],"version-history":[{"count":2,"href":"https:\/\/edicionsponcianes.cat\/es\/wp-json\/wp\/v2\/pages\/1015\/revisions"}],"predecessor-version":[{"id":4309,"href":"https:\/\/edicionsponcianes.cat\/es\/wp-json\/wp\/v2\/pages\/1015\/revisions\/4309"}],"wp:attachment":[{"href":"https:\/\/edicionsponcianes.cat\/es\/wp-json\/wp\/v2\/media?parent=1015"}],"curies":[{"name":"wp","href":"https:\/\/api.w.org\/{rel}","templated":true}]}}