{"id":298,"date":"2020-07-13T07:41:12","date_gmt":"2020-07-18T08:37:12","guid":{"rendered":"https:\/\/edicionsponcianes.cat\/producte\/besties-7-vinyoli\/"},"modified":"2020-07-28T07:52:41","modified_gmt":"2020-07-28T05:52:41","slug":"besties-7-vinyoli","status":"publish","type":"product","link":"https:\/\/edicionsponcianes.cat\/es\/producte\/besties-7-vinyoli\/","title":{"rendered":"B\u00e8sties 7. Vinyoli"},"content":{"rendered":"<p><u><strong>Joan Vinyoli<\/strong><\/u> (Barcelona, 1914-1984): poeta catal\u00e1n, el inter\u00e9s por las concepciones po\u00e9ticas de Carles Riba y al admiraci\u00f3n por R.M. Rilke marcar\u00e1n su l\u00edrica, as\u00ed como el romanticismo alem\u00e1n y el postsimbolismo. Con una vinculaci\u00f3n clara entre trayectoria vital y obra po\u00e9tica, encontramos un sentido m\u00edstico en su poes\u00eda y una reflexi\u00f3n en torno a la fe. El reconocimiento p\u00fablico le llegar\u00e1 en los a\u00f1os 1970 con el poemario <em>Tot \u00e9s ara i res<\/em>. Hasta 1984 publica regularmente y recibe varios reconocimientos (Premi Lletra d\u2019Or 1974, Premi de la Cr\u00edtica de poesia Catalana 1976 y 1984, Creu de Sant Jordi 1976 y cinco premios Cr\u00edtica Serra d\u2019Or de poes\u00eda).<\/p>\n<p><u><strong>Jordi Llavina Murgadas<\/strong><\/u> (Gelida, 1968): escritor, poeta, cr\u00edtico literario y presentador de radio y televisi\u00f3n. Ganador del Premi Josep Pla de narrativa (2001) y de los premios Ciutat de Mallorca (2006), Premi cr\u00edtica Serra d\u2019Or (2008) y Premi Vicent Andr\u00e9s Estell\u00e9s (2011), ha publicado narrativa breve, novela y varios poemarios. Fue comisario del a\u00f1o Joan Vinyoli.<\/p>\n<p class=\"rtecenter\">***<\/p>\n<p><em>B\u00e8sties<\/em> es una colecci\u00f3n de poemas que combina poes\u00eda e imagen de autores reconocidos de la literatura universal. Una selecci\u00f3n de fragmentos \u2013p\u00f3stumos, in\u00e9ditos, olvidados\u2013 por parte de traductores, poetas catalanes actuales, se presentan en un formato rompedor que huye de la parcelaci\u00f3n paginada para proyectar en un solo espacio el sentido unitario de los poemas. Cada p\u00f3ster viene acompa\u00f1ado de una portada que incluye un pr\u00f3logo del traductor que contextualiza la selecci\u00f3n y sit\u00faa al autor.&nbsp;<\/p>\n","protected":false},"excerpt":{"rendered":"<p>Selecci\u00f3n de poemas de Jordi Llavina<\/p>\n","protected":false},"featured_media":412,"template":"","meta":{"_acf_changed":false},"product_brand":[],"product_cat":[49,92],"product_tag":[],"class_list":{"0":"post-298","1":"product","2":"type-product","3":"status-publish","4":"has-post-thumbnail","6":"product_cat-besties-es","7":"product_cat-tots-es","9":"first","10":"instock","11":"taxable","12":"shipping-taxable","13":"purchasable","14":"product-type-simple"},"acf":[],"yoast_head":"<!-- This site is optimized with the Yoast SEO plugin v27.5 - https:\/\/yoast.com\/product\/yoast-seo-wordpress\/ -->\n<title>B\u00e8sties 7. Vinyoli - Edicions Poncianes<\/title>\n<meta name=\"robots\" content=\"index, follow, max-snippet:-1, max-image-preview:large, max-video-preview:-1\" \/>\n<link rel=\"canonical\" href=\"https:\/\/edicionsponcianes.cat\/es\/producte\/besties-7-vinyoli\/\" \/>\n<meta property=\"og:locale\" content=\"es_ES\" \/>\n<meta property=\"og:type\" content=\"article\" \/>\n<meta property=\"og:title\" content=\"B\u00e8sties 7. Vinyoli - Edicions Poncianes\" \/>\n<meta property=\"og:description\" content=\"Selecci\u00f3n de poemas de Jordi Llavina\" \/>\n<meta property=\"og:url\" content=\"https:\/\/edicionsponcianes.cat\/es\/producte\/besties-7-vinyoli\/\" \/>\n<meta property=\"og:site_name\" content=\"Edicions Poncianes\" \/>\n<meta property=\"article:modified_time\" content=\"2020-07-28T05:52:41+00:00\" \/>\n<meta property=\"og:image\" content=\"https:\/\/edicionsponcianes.cat\/wp-content\/uploads\/2020\/07\/vinyoli-portada.jpg\" \/>\n\t<meta property=\"og:image:width\" content=\"723\" \/>\n\t<meta property=\"og:image:height\" content=\"896\" \/>\n\t<meta property=\"og:image:type\" content=\"image\/jpeg\" \/>\n<meta name=\"twitter:card\" content=\"summary_large_image\" \/>\n<meta name=\"twitter:label1\" content=\"Est. reading time\" \/>\n\t<meta name=\"twitter:data1\" content=\"1 minute\" \/>\n<script type=\"application\/ld+json\" class=\"yoast-schema-graph\">{\"@context\":\"https:\\\/\\\/schema.org\",\"@graph\":[{\"@type\":\"WebPage\",\"@id\":\"https:\\\/\\\/edicionsponcianes.cat\\\/es\\\/producte\\\/besties-7-vinyoli\\\/\",\"url\":\"https:\\\/\\\/edicionsponcianes.cat\\\/es\\\/producte\\\/besties-7-vinyoli\\\/\",\"name\":\"B\u00e8sties 7. Vinyoli - Edicions Poncianes\",\"isPartOf\":{\"@id\":\"https:\\\/\\\/edicionsponcianes.cat\\\/es\\\/#website\"},\"primaryImageOfPage\":{\"@id\":\"https:\\\/\\\/edicionsponcianes.cat\\\/es\\\/producte\\\/besties-7-vinyoli\\\/#primaryimage\"},\"image\":{\"@id\":\"https:\\\/\\\/edicionsponcianes.cat\\\/es\\\/producte\\\/besties-7-vinyoli\\\/#primaryimage\"},\"thumbnailUrl\":\"https:\\\/\\\/edicionsponcianes.cat\\\/wp-content\\\/uploads\\\/2020\\\/07\\\/vinyoli-portada.jpg\",\"datePublished\":\"2020-07-18T08:37:12+00:00\",\"dateModified\":\"2020-07-28T05:52:41+00:00\",\"breadcrumb\":{\"@id\":\"https:\\\/\\\/edicionsponcianes.cat\\\/es\\\/producte\\\/besties-7-vinyoli\\\/#breadcrumb\"},\"inLanguage\":\"es-ES\",\"potentialAction\":[{\"@type\":\"ReadAction\",\"target\":[\"https:\\\/\\\/edicionsponcianes.cat\\\/es\\\/producte\\\/besties-7-vinyoli\\\/\"]}]},{\"@type\":\"ImageObject\",\"inLanguage\":\"es-ES\",\"@id\":\"https:\\\/\\\/edicionsponcianes.cat\\\/es\\\/producte\\\/besties-7-vinyoli\\\/#primaryimage\",\"url\":\"https:\\\/\\\/edicionsponcianes.cat\\\/wp-content\\\/uploads\\\/2020\\\/07\\\/vinyoli-portada.jpg\",\"contentUrl\":\"https:\\\/\\\/edicionsponcianes.cat\\\/wp-content\\\/uploads\\\/2020\\\/07\\\/vinyoli-portada.jpg\",\"width\":723,\"height\":896},{\"@type\":\"BreadcrumbList\",\"@id\":\"https:\\\/\\\/edicionsponcianes.cat\\\/es\\\/producte\\\/besties-7-vinyoli\\\/#breadcrumb\",\"itemListElement\":[{\"@type\":\"ListItem\",\"position\":1,\"name\":\"Inici\",\"item\":\"https:\\\/\\\/edicionsponcianes.cat\\\/es\\\/\"},{\"@type\":\"ListItem\",\"position\":2,\"name\":\"Colecciones\",\"item\":\"https:\\\/\\\/edicionsponcianes.cat\\\/es\\\/colecciones\\\/\"},{\"@type\":\"ListItem\",\"position\":3,\"name\":\"B\u00e8sties 7. Vinyoli\"}]},{\"@type\":\"WebSite\",\"@id\":\"https:\\\/\\\/edicionsponcianes.cat\\\/es\\\/#website\",\"url\":\"https:\\\/\\\/edicionsponcianes.cat\\\/es\\\/\",\"name\":\"Edicions Poncianes\",\"description\":\"Un altre lloc gestionat amb el WordPress\",\"potentialAction\":[{\"@type\":\"SearchAction\",\"target\":{\"@type\":\"EntryPoint\",\"urlTemplate\":\"https:\\\/\\\/edicionsponcianes.cat\\\/es\\\/?s={search_term_string}\"},\"query-input\":{\"@type\":\"PropertyValueSpecification\",\"valueRequired\":true,\"valueName\":\"search_term_string\"}}],\"inLanguage\":\"es-ES\"}]}<\/script>\n<!-- \/ Yoast SEO plugin. -->","yoast_head_json":{"title":"B\u00e8sties 7. Vinyoli - Edicions Poncianes","robots":{"index":"index","follow":"follow","max-snippet":"max-snippet:-1","max-image-preview":"max-image-preview:large","max-video-preview":"max-video-preview:-1"},"canonical":"https:\/\/edicionsponcianes.cat\/es\/producte\/besties-7-vinyoli\/","og_locale":"es_ES","og_type":"article","og_title":"B\u00e8sties 7. Vinyoli - Edicions Poncianes","og_description":"Selecci\u00f3n de poemas de Jordi Llavina","og_url":"https:\/\/edicionsponcianes.cat\/es\/producte\/besties-7-vinyoli\/","og_site_name":"Edicions Poncianes","article_modified_time":"2020-07-28T05:52:41+00:00","og_image":[{"width":723,"height":896,"url":"https:\/\/edicionsponcianes.cat\/wp-content\/uploads\/2020\/07\/vinyoli-portada.jpg","type":"image\/jpeg"}],"twitter_card":"summary_large_image","twitter_misc":{"Est. reading time":"1 minute"},"schema":{"@context":"https:\/\/schema.org","@graph":[{"@type":"WebPage","@id":"https:\/\/edicionsponcianes.cat\/es\/producte\/besties-7-vinyoli\/","url":"https:\/\/edicionsponcianes.cat\/es\/producte\/besties-7-vinyoli\/","name":"B\u00e8sties 7. Vinyoli - Edicions Poncianes","isPartOf":{"@id":"https:\/\/edicionsponcianes.cat\/es\/#website"},"primaryImageOfPage":{"@id":"https:\/\/edicionsponcianes.cat\/es\/producte\/besties-7-vinyoli\/#primaryimage"},"image":{"@id":"https:\/\/edicionsponcianes.cat\/es\/producte\/besties-7-vinyoli\/#primaryimage"},"thumbnailUrl":"https:\/\/edicionsponcianes.cat\/wp-content\/uploads\/2020\/07\/vinyoli-portada.jpg","datePublished":"2020-07-18T08:37:12+00:00","dateModified":"2020-07-28T05:52:41+00:00","breadcrumb":{"@id":"https:\/\/edicionsponcianes.cat\/es\/producte\/besties-7-vinyoli\/#breadcrumb"},"inLanguage":"es-ES","potentialAction":[{"@type":"ReadAction","target":["https:\/\/edicionsponcianes.cat\/es\/producte\/besties-7-vinyoli\/"]}]},{"@type":"ImageObject","inLanguage":"es-ES","@id":"https:\/\/edicionsponcianes.cat\/es\/producte\/besties-7-vinyoli\/#primaryimage","url":"https:\/\/edicionsponcianes.cat\/wp-content\/uploads\/2020\/07\/vinyoli-portada.jpg","contentUrl":"https:\/\/edicionsponcianes.cat\/wp-content\/uploads\/2020\/07\/vinyoli-portada.jpg","width":723,"height":896},{"@type":"BreadcrumbList","@id":"https:\/\/edicionsponcianes.cat\/es\/producte\/besties-7-vinyoli\/#breadcrumb","itemListElement":[{"@type":"ListItem","position":1,"name":"Inici","item":"https:\/\/edicionsponcianes.cat\/es\/"},{"@type":"ListItem","position":2,"name":"Colecciones","item":"https:\/\/edicionsponcianes.cat\/es\/colecciones\/"},{"@type":"ListItem","position":3,"name":"B\u00e8sties 7. Vinyoli"}]},{"@type":"WebSite","@id":"https:\/\/edicionsponcianes.cat\/es\/#website","url":"https:\/\/edicionsponcianes.cat\/es\/","name":"Edicions Poncianes","description":"Un altre lloc gestionat amb el WordPress","potentialAction":[{"@type":"SearchAction","target":{"@type":"EntryPoint","urlTemplate":"https:\/\/edicionsponcianes.cat\/es\/?s={search_term_string}"},"query-input":{"@type":"PropertyValueSpecification","valueRequired":true,"valueName":"search_term_string"}}],"inLanguage":"es-ES"}]}},"_links":{"self":[{"href":"https:\/\/edicionsponcianes.cat\/es\/wp-json\/wp\/v2\/product\/298","targetHints":{"allow":["GET"]}}],"collection":[{"href":"https:\/\/edicionsponcianes.cat\/es\/wp-json\/wp\/v2\/product"}],"about":[{"href":"https:\/\/edicionsponcianes.cat\/es\/wp-json\/wp\/v2\/types\/product"}],"wp:featuredmedia":[{"embeddable":true,"href":"https:\/\/edicionsponcianes.cat\/es\/wp-json\/wp\/v2\/media\/412"}],"wp:attachment":[{"href":"https:\/\/edicionsponcianes.cat\/es\/wp-json\/wp\/v2\/media?parent=298"}],"wp:term":[{"taxonomy":"product_brand","embeddable":true,"href":"https:\/\/edicionsponcianes.cat\/es\/wp-json\/wp\/v2\/product_brand?post=298"},{"taxonomy":"product_cat","embeddable":true,"href":"https:\/\/edicionsponcianes.cat\/es\/wp-json\/wp\/v2\/product_cat?post=298"},{"taxonomy":"product_tag","embeddable":true,"href":"https:\/\/edicionsponcianes.cat\/es\/wp-json\/wp\/v2\/product_tag?post=298"}],"curies":[{"name":"wp","href":"https:\/\/api.w.org\/{rel}","templated":true}]}}